{"id":2739,"date":"2024-01-31T10:32:28","date_gmt":"2024-01-31T10:32:28","guid":{"rendered":"https:\/\/www.volkgermany.de\/vlk\/?page_id=2739"},"modified":"2024-02-13T14:55:26","modified_gmt":"2024-02-13T14:55:26","slug":"geschichte","status":"publish","type":"page","link":"https:\/\/www.volkgermany.de\/vlk\/geschichte\/","title":{"rendered":"Geschichte"},"content":{"rendered":"\n<h2 class=\"wp-block-heading has-text-align-center\">Ein kleiner Einblick in die Firmengeschichte<\/h2>\n\n\n\n<div class=\"wp-block-cp-timeline-content-timeline-block Cool-Content-Timeline\"><div class=\"cool-timeline-block-8934ba19-974a-40c7-93b2-61d574c7bf1f\"><div class=\"cool-vertical-timeline-body ctlb-wrapper both-sided left\"><div class=\"cool-timeline-block-list\">\n<div class=\"wp-block-cp-timeline-content-timeline-block-child swiper-slide\"><div class=\"timeline-content icon-false \"><div class=\"timeline-block-timeline ctl-row  position-right\"><div class=\"ctl-6 timeline-block-time\"><div class=\"story-time\"><p>1959<\/p><\/div><\/div><div class=\"timeline-block-icon\"><svg stroke=\"currentColor\" fill=\"currentColor\" stroke-width=\"0\" viewBox=\"0 0 512 512\" height=\"1em\" width=\"1em\" xmlns=\"http:\/\/www.w3.org\/2000\/svg\"><path d=\"M256 8C119 8 8 119 8 256s111 248 248 248 248-111 248-248S393 8 256 8z\"><\/path><\/svg><\/div><div class=\"ctl-6 timeline-block-detail\"><div class=\"story-details\"><div class=\"story-content\">\n<figure class=\"wp-block-image size-large ctlb-block-image\"><img loading=\"lazy\" decoding=\"async\" width=\"1024\" height=\"768\" src=\"https:\/\/www.volkgermany.de\/vlk\/wp-content\/uploads\/2023\/01\/Luftbild_alt-1024x768.jpg\" alt=\"\" class=\"wp-image-1748\" style=\"aspect-ratio:4\/3;object-fit:cover\" srcset=\"https:\/\/www.volkgermany.de\/vlk\/wp-content\/uploads\/2023\/01\/Luftbild_alt-1024x768.jpg 1024w, https:\/\/www.volkgermany.de\/vlk\/wp-content\/uploads\/2023\/01\/Luftbild_alt-300x225.jpg 300w, https:\/\/www.volkgermany.de\/vlk\/wp-content\/uploads\/2023\/01\/Luftbild_alt-768x576.jpg 768w, https:\/\/www.volkgermany.de\/vlk\/wp-content\/uploads\/2023\/01\/Luftbild_alt-1536x1152.jpg 1536w, https:\/\/www.volkgermany.de\/vlk\/wp-content\/uploads\/2023\/01\/Luftbild_alt-2048x1536.jpg 2048w\" sizes=\"auto, (max-width: 1024px) 100vw, 1024px\" \/><\/figure>\n\n\n\n<h3 class=\"wp-block-heading ctlb-block-title\" style=\"padding-top:0px;padding-right:0px;padding-bottom:0px;padding-left:0px\">Firmengr\u00fcndung<\/h3>\n\n\n\n<p class=\"ctlb-block-desc\" style=\"padding-top:0px;padding-right:0px;padding-bottom:0px;padding-left:0px\">Die Anf\u00e4nge der Firmengeschichte reichen in die Nachkriegszeit zur\u00fcck, als der junge Frieder Volk landwirtschaftliche T\u00e4tigkeiten im Lohnauftrag durchf\u00fchrte und seinen ersten Traktor erstand.<br>Das Gesch\u00e4ft lie\u00df sich so gut an, dass bald darauf ein zweiter Traktor angeschafft wurde, um Transsportt\u00e4tigkeiten f\u00fcr die Landwirtschaft und das Bauhandwerk durchf\u00fchren zu k\u00f6nnen.<\/p>\n<\/div><\/div><\/div><\/div><\/div><\/div>\n\n\n\n<div class=\"wp-block-cp-timeline-content-timeline-block-child swiper-slide\"><div class=\"timeline-content icon-false \"><div class=\"timeline-block-timeline ctl-row  position-left\"><div class=\"ctl-6 timeline-block-time\"><div class=\"story-time\"><p>1962<\/p><\/div><\/div><div class=\"timeline-block-icon\"><svg stroke=\"currentColor\" fill=\"currentColor\" stroke-width=\"0\" viewBox=\"0 0 512 512\" height=\"1em\" width=\"1em\" xmlns=\"http:\/\/www.w3.org\/2000\/svg\"><path d=\"M256 8C119 8 8 119 8 256s111 248 248 248 248-111 248-248S393 8 256 8z\"><\/path><\/svg><\/div><div class=\"ctl-6 timeline-block-detail\"><div class=\"story-details\"><div class=\"story-content\">\n<figure class=\"wp-block-image size-full ctlb-block-image\"><img loading=\"lazy\" decoding=\"async\" width=\"673\" height=\"495\" src=\"https:\/\/www.volkgermany.de\/vlk\/wp-content\/uploads\/2023\/01\/cropped-26.jpg\" alt=\"\" class=\"wp-image-721\" style=\"aspect-ratio:4\/3;object-fit:cover\" srcset=\"https:\/\/www.volkgermany.de\/vlk\/wp-content\/uploads\/2023\/01\/cropped-26.jpg 673w, https:\/\/www.volkgermany.de\/vlk\/wp-content\/uploads\/2023\/01\/cropped-26-300x221.jpg 300w\" sizes=\"auto, (max-width: 673px) 100vw, 673px\" \/><\/figure>\n\n\n\n<h3 class=\"wp-block-heading ctlb-block-title\" style=\"padding-top:0px;padding-right:0px;padding-bottom:0px;padding-left:0px\">Rollfuhrunternehmer<\/h3>\n\n\n\n<p class=\"ctlb-block-desc\" style=\"padding-top:0px;padding-right:0px;padding-bottom:0px;padding-left:0px\">Die deutsche Bundesbahn verpflichtete die kleine Firma als Rollfuhrunternehmen.<br>Die Kapazit\u00e4t zweier Traktoren reichte nicht mehr aus und es wurde der erste Lastwagen bestellt.<br>Unter den G\u00fctern befanden sich unter anderem Sauerstoffflaschen und bereits immer h\u00e4ufiger Strickmaschinen aus der heimischen Textilmaschinen-Industrie.<\/p>\n<\/div><\/div><\/div><\/div><\/div><\/div>\n\n\n\n<div class=\"wp-block-cp-timeline-content-timeline-block-child swiper-slide\"><div class=\"timeline-content icon-false \"><div class=\"timeline-block-timeline ctl-row  position-right\"><div class=\"ctl-6 timeline-block-time\"><div class=\"story-time\"><p>1965<\/p><\/div><\/div><div class=\"timeline-block-icon\"><svg stroke=\"currentColor\" fill=\"currentColor\" stroke-width=\"0\" viewBox=\"0 0 512 512\" height=\"1em\" width=\"1em\" xmlns=\"http:\/\/www.w3.org\/2000\/svg\"><path d=\"M256 8C119 8 8 119 8 256s111 248 248 248 248-111 248-248S393 8 256 8z\"><\/path><\/svg><\/div><div class=\"ctl-6 timeline-block-detail\"><div class=\"story-details\"><div class=\"story-content\">\n<figure class=\"wp-block-image size-full ctlb-block-image\"><img loading=\"lazy\" decoding=\"async\" width=\"814\" height=\"563\" src=\"https:\/\/www.volkgermany.de\/vlk\/wp-content\/uploads\/2024\/01\/44.jpg\" alt=\"\" class=\"wp-image-2741\" style=\"aspect-ratio:4\/3;object-fit:cover\" srcset=\"https:\/\/www.volkgermany.de\/vlk\/wp-content\/uploads\/2024\/01\/44.jpg 814w, https:\/\/www.volkgermany.de\/vlk\/wp-content\/uploads\/2024\/01\/44-300x207.jpg 300w, https:\/\/www.volkgermany.de\/vlk\/wp-content\/uploads\/2024\/01\/44-768x531.jpg 768w\" sizes=\"auto, (max-width: 814px) 100vw, 814px\" \/><\/figure>\n\n\n\n<h3 class=\"wp-block-heading ctlb-block-title\" style=\"padding-top:0px;padding-right:0px;padding-bottom:0px;padding-left:0px\">Entscheidender innovativer Durchbruch<\/h3>\n\n\n\n<p class=\"ctlb-block-desc\" style=\"padding-top:0px;padding-right:0px;padding-bottom:0px;padding-left:0px\">Frieder Volk lieferte einmal mehr Sauerstoffflaschen f\u00fcr eine T\u00fcbinger Autoverwertung an. Dort entdeckte er einen ausgedienten Hubwagen.<br>Sofort kam ihm der Gedanke, dass solch ein Ger\u00e4t den Transport von Strickmaschinen revolutionieren w\u00fcrde.<\/p>\n<\/div><\/div><\/div><\/div><\/div><\/div>\n\n\n\n<div class=\"wp-block-cp-timeline-content-timeline-block-child swiper-slide\"><div class=\"timeline-content icon-false \"><div class=\"timeline-block-timeline ctl-row  position-left\"><div class=\"ctl-6 timeline-block-time\"><div class=\"story-time\"><p>&#8230;.<\/p><\/div><\/div><div class=\"timeline-block-icon\"><svg stroke=\"currentColor\" fill=\"currentColor\" stroke-width=\"0\" viewBox=\"0 0 512 512\" height=\"1em\" width=\"1em\" xmlns=\"http:\/\/www.w3.org\/2000\/svg\"><path d=\"M256 8C119 8 8 119 8 256s111 248 248 248 248-111 248-248S393 8 256 8z\"><\/path><\/svg><\/div><div class=\"ctl-6 timeline-block-detail\"><div class=\"story-details\"><div class=\"story-content\">\n<figure class=\"wp-block-image size-full ctlb-block-image\"><img loading=\"lazy\" decoding=\"async\" width=\"850\" height=\"568\" src=\"https:\/\/www.volkgermany.de\/vlk\/wp-content\/uploads\/2024\/01\/65.jpg\" alt=\"\" class=\"wp-image-2742\" style=\"aspect-ratio:4\/3;object-fit:cover\" srcset=\"https:\/\/www.volkgermany.de\/vlk\/wp-content\/uploads\/2024\/01\/65.jpg 850w, https:\/\/www.volkgermany.de\/vlk\/wp-content\/uploads\/2024\/01\/65-300x200.jpg 300w, https:\/\/www.volkgermany.de\/vlk\/wp-content\/uploads\/2024\/01\/65-768x513.jpg 768w\" sizes=\"auto, (max-width: 850px) 100vw, 850px\" \/><\/figure>\n\n\n\n<h3 class=\"wp-block-heading ctlb-block-title\" style=\"padding-top:0px;padding-right:0px;padding-bottom:0px;padding-left:0px\">Revolutionierung Strickmaschinentransport<\/h3>\n\n\n\n<p class=\"ctlb-block-desc\" style=\"padding-top:0px;padding-right:0px;padding-bottom:0px;padding-left:0px\">Mit einem Mal konnte der junge Frieder Volk durch den Kauf und Einsatz dieses Hubwagens viele Probleme l\u00f6sen. Der Strickmaschinentransport wurde revolutioniert und vereinfacht.<br>Bis dahin war dieser mit gro\u00dfem Material und Personalaufwand verbunden, die Strickproduktion unterbrochen, das Personal zur Transportmithilfe gebraucht.<\/p>\n<\/div><\/div><\/div><\/div><\/div><\/div>\n\n\n\n<div class=\"wp-block-cp-timeline-content-timeline-block-child swiper-slide\"><div class=\"timeline-content icon-false \"><div class=\"timeline-block-timeline ctl-row  position-right\"><div class=\"ctl-6 timeline-block-time\"><div class=\"story-time\"><p>70er Jahre<\/p><\/div><\/div><div class=\"timeline-block-icon\"><svg stroke=\"currentColor\" fill=\"currentColor\" stroke-width=\"0\" viewBox=\"0 0 512 512\" height=\"1em\" width=\"1em\" xmlns=\"http:\/\/www.w3.org\/2000\/svg\"><path d=\"M256 8C119 8 8 119 8 256s111 248 248 248 248-111 248-248S393 8 256 8z\"><\/path><\/svg><\/div><div class=\"ctl-6 timeline-block-detail\"><div class=\"story-details\"><div class=\"story-content\">\n<figure class=\"wp-block-image size-full ctlb-block-image\"><img loading=\"lazy\" decoding=\"async\" width=\"774\" height=\"567\" src=\"https:\/\/www.volkgermany.de\/vlk\/wp-content\/uploads\/2024\/01\/38.jpg\" alt=\"\" class=\"wp-image-2743\" style=\"aspect-ratio:4\/3;object-fit:cover\" srcset=\"https:\/\/www.volkgermany.de\/vlk\/wp-content\/uploads\/2024\/01\/38.jpg 774w, https:\/\/www.volkgermany.de\/vlk\/wp-content\/uploads\/2024\/01\/38-300x220.jpg 300w, https:\/\/www.volkgermany.de\/vlk\/wp-content\/uploads\/2024\/01\/38-768x563.jpg 768w\" sizes=\"auto, (max-width: 774px) 100vw, 774px\" \/><\/figure>\n\n\n\n<h3 class=\"wp-block-heading ctlb-block-title\" style=\"padding-top:0px;padding-right:0px;padding-bottom:0px;padding-left:0px\">Ausbau Strickmaschinentransport<\/h3>\n\n\n\n<p class=\"ctlb-block-desc\" style=\"padding-top:0px;padding-right:0px;padding-bottom:0px;padding-left:0px\">Durch \u00dcberlegungen und im praktischen Einsatz erfand und entwickelte er passende Transportger\u00e4te, welche speziell auf die rationelle Bewegung von Strickmaschinen ausgerichtet waren.<br>Ebenso wurde die Fahrzeugflotte 1974 durch weitere LKWs erweitert.<\/p>\n<\/div><\/div><\/div><\/div><\/div><\/div>\n\n\n\n<div class=\"wp-block-cp-timeline-content-timeline-block-child swiper-slide\"><div class=\"timeline-content icon-false \"><div class=\"timeline-block-timeline ctl-row  position-left\"><div class=\"ctl-6 timeline-block-time\"><div class=\"story-time\"><p>80er \/ 90er Jahre<\/p><\/div><\/div><div class=\"timeline-block-icon\"><svg stroke=\"currentColor\" fill=\"currentColor\" stroke-width=\"0\" viewBox=\"0 0 512 512\" height=\"1em\" width=\"1em\" xmlns=\"http:\/\/www.w3.org\/2000\/svg\"><path d=\"M256 8C119 8 8 119 8 256s111 248 248 248 248-111 248-248S393 8 256 8z\"><\/path><\/svg><\/div><div class=\"ctl-6 timeline-block-detail\"><div class=\"story-details\"><div class=\"story-content\">\n<figure class=\"wp-block-image size-full ctlb-block-image\"><img loading=\"lazy\" decoding=\"async\" width=\"689\" height=\"455\" src=\"https:\/\/www.volkgermany.de\/vlk\/wp-content\/uploads\/2024\/01\/68.jpg\" alt=\"\" class=\"wp-image-2744\" style=\"aspect-ratio:4\/3;object-fit:cover\" srcset=\"https:\/\/www.volkgermany.de\/vlk\/wp-content\/uploads\/2024\/01\/68.jpg 689w, https:\/\/www.volkgermany.de\/vlk\/wp-content\/uploads\/2024\/01\/68-300x198.jpg 300w\" sizes=\"auto, (max-width: 689px) 100vw, 689px\" \/><\/figure>\n\n\n\n<h3 class=\"wp-block-heading ctlb-block-title\" style=\"padding-top:0px;padding-right:0px;padding-bottom:0px;padding-left:0px\">Die Entwicklung<\/h3>\n\n\n\n<p class=\"ctlb-block-desc\" style=\"padding-top:0px;padding-right:0px;padding-bottom:0px;padding-left:0px\">Mit den Jahren wurden nicht mehr \u00fcberwiegend Strickmaschinen transportiert, sondern alle Arten von Maschinen und Anlagen europaweit.<br>Ebenso wurden die Spezialfahrzeuge passend den Anforderungen und dem Lauf der Zeit immer weiterentwickelt und angepasst.<\/p>\n<\/div><\/div><\/div><\/div><\/div><\/div>\n\n\n\n<div class=\"wp-block-cp-timeline-content-timeline-block-child swiper-slide\"><div class=\"timeline-content icon-false \"><div class=\"timeline-block-timeline ctl-row  position-right\"><div class=\"ctl-6 timeline-block-time\"><div class=\"story-time\"><p>2008<\/p><\/div><\/div><div class=\"timeline-block-icon\"><svg stroke=\"currentColor\" fill=\"currentColor\" stroke-width=\"0\" viewBox=\"0 0 512 512\" height=\"1em\" width=\"1em\" xmlns=\"http:\/\/www.w3.org\/2000\/svg\"><path d=\"M256 8C119 8 8 119 8 256s111 248 248 248 248-111 248-248S393 8 256 8z\"><\/path><\/svg><\/div><div class=\"ctl-6 timeline-block-detail\"><div class=\"story-details\"><div class=\"story-content\">\n<figure class=\"wp-block-image size-large ctlb-block-image\"><img loading=\"lazy\" decoding=\"async\" width=\"1024\" height=\"656\" src=\"https:\/\/www.volkgermany.de\/vlk\/wp-content\/uploads\/2024\/01\/20211031_120133-scaled-e1706695190708-1024x656.jpg\" alt=\"\" class=\"wp-image-2745\" style=\"aspect-ratio:4\/3;object-fit:cover\" srcset=\"https:\/\/www.volkgermany.de\/vlk\/wp-content\/uploads\/2024\/01\/20211031_120133-scaled-e1706695190708-1024x656.jpg 1024w, https:\/\/www.volkgermany.de\/vlk\/wp-content\/uploads\/2024\/01\/20211031_120133-scaled-e1706695190708-300x192.jpg 300w, https:\/\/www.volkgermany.de\/vlk\/wp-content\/uploads\/2024\/01\/20211031_120133-scaled-e1706695190708-768x492.jpg 768w, https:\/\/www.volkgermany.de\/vlk\/wp-content\/uploads\/2024\/01\/20211031_120133-scaled-e1706695190708-1536x984.jpg 1536w, https:\/\/www.volkgermany.de\/vlk\/wp-content\/uploads\/2024\/01\/20211031_120133-scaled-e1706695190708-2048x1312.jpg 2048w\" sizes=\"auto, (max-width: 1024px) 100vw, 1024px\" \/><\/figure>\n\n\n\n<h3 class=\"wp-block-heading ctlb-block-title\" style=\"padding-top:0px;padding-right:0px;padding-bottom:0px;padding-left:0px\">Erweiterung Firmengeb\u00e4ude<\/h3>\n\n\n\n<p class=\"ctlb-block-desc\" style=\"padding-top:0px;padding-right:0px;padding-bottom:0px;padding-left:0px\">Im Jahr 2008 konnten die bestehenden Geb\u00e4ude erweitert werden. Dar\u00fcber hinaus wurde ein neuer und sicherer LKW- Parkplatz f\u00fcr unsere Spezialfahrzeuge eingerichtet.<\/p>\n<\/div><\/div><\/div><\/div><\/div><\/div>\n\n\n\n<div class=\"wp-block-cp-timeline-content-timeline-block-child swiper-slide\"><div class=\"timeline-content icon-false \"><div class=\"timeline-block-timeline ctl-row  position-left\"><div class=\"ctl-6 timeline-block-time\"><div class=\"story-time\"><p>2009<\/p><\/div><\/div><div class=\"timeline-block-icon\"><svg stroke=\"currentColor\" fill=\"currentColor\" stroke-width=\"0\" viewBox=\"0 0 512 512\" height=\"1em\" width=\"1em\" xmlns=\"http:\/\/www.w3.org\/2000\/svg\"><path d=\"M256 8C119 8 8 119 8 256s111 248 248 248 248-111 248-248S393 8 256 8z\"><\/path><\/svg><\/div><div class=\"ctl-6 timeline-block-detail\"><div class=\"story-details\"><div class=\"story-content\">\n<figure class=\"wp-block-image size-full ctlb-block-image\"><img loading=\"lazy\" decoding=\"async\" width=\"2478\" height=\"1242\" src=\"https:\/\/www.volkgermany.de\/vlk\/wp-content\/uploads\/2024\/01\/50.jpg\" alt=\"\" class=\"wp-image-2750\" style=\"aspect-ratio:4\/3;object-fit:cover\" srcset=\"https:\/\/www.volkgermany.de\/vlk\/wp-content\/uploads\/2024\/01\/50.jpg 2478w, https:\/\/www.volkgermany.de\/vlk\/wp-content\/uploads\/2024\/01\/50-300x150.jpg 300w, https:\/\/www.volkgermany.de\/vlk\/wp-content\/uploads\/2024\/01\/50-1024x513.jpg 1024w, https:\/\/www.volkgermany.de\/vlk\/wp-content\/uploads\/2024\/01\/50-768x385.jpg 768w, https:\/\/www.volkgermany.de\/vlk\/wp-content\/uploads\/2024\/01\/50-1536x770.jpg 1536w, https:\/\/www.volkgermany.de\/vlk\/wp-content\/uploads\/2024\/01\/50-2048x1026.jpg 2048w\" sizes=\"auto, (max-width: 2478px) 100vw, 2478px\" \/><\/figure>\n\n\n\n<h3 class=\"wp-block-heading ctlb-block-title\" style=\"padding-top:0px;padding-right:0px;padding-bottom:0px;padding-left:0px\">Firmenjubil\u00e4um<\/h3>\n\n\n\n<p class=\"ctlb-block-desc\" style=\"padding-top:0px;padding-right:0px;padding-bottom:0px;padding-left:0px\">Das 50-j\u00e4hrige Bestehen konnte im neu erstandenen Firmengeb\u00e4ude umfangreich gefeiert werden.<\/p>\n<\/div><\/div><\/div><\/div><\/div><\/div>\n\n\n\n<div class=\"wp-block-cp-timeline-content-timeline-block-child swiper-slide\"><div class=\"timeline-content icon-false \"><div class=\"timeline-block-timeline ctl-row  position-right\"><div class=\"ctl-6 timeline-block-time\"><div class=\"story-time\"><p>2015<\/p><\/div><\/div><div class=\"timeline-block-icon\"><svg stroke=\"currentColor\" fill=\"currentColor\" stroke-width=\"0\" viewBox=\"0 0 512 512\" height=\"1em\" width=\"1em\" xmlns=\"http:\/\/www.w3.org\/2000\/svg\"><path d=\"M256 8C119 8 8 119 8 256s111 248 248 248 248-111 248-248S393 8 256 8z\"><\/path><\/svg><\/div><div class=\"ctl-6 timeline-block-detail\"><div class=\"story-details\"><div class=\"story-content\">\n<figure class=\"wp-block-image size-large ctlb-block-image\"><img decoding=\"async\" src=\"https:\/\/www.volkgermany.de\/vlk\/wp-content\/uploads\/2024\/01\/IMG_20200924_131945-1024x768.jpg\" alt=\"\" class=\"wp-image-2746\" style=\"aspect-ratio:4\/3;object-fit:cover\"\/><\/figure>\n\n\n\n<h3 class=\"wp-block-heading ctlb-block-title\" style=\"padding-top:0px;padding-right:0px;padding-bottom:0px;padding-left:0px\">Bau einer neuen Lagerhalle<\/h3>\n\n\n\n<p class=\"ctlb-block-desc\" style=\"padding-top:0px;padding-right:0px;padding-bottom:0px;padding-left:0px\">Der Bau eines neuen Logistiklagers konnte realisiert werden.<br>Mit 800 qm Lagerfl\u00e4che k\u00f6nnen hier alle Arten und Gr\u00f6\u00dfen von Maschinen dauerhaft oder kurzfristig zwischengelagert werden.<\/p>\n<\/div><\/div><\/div><\/div><\/div><\/div>\n\n\n\n<div class=\"wp-block-cp-timeline-content-timeline-block-child swiper-slide\"><div class=\"timeline-content icon-false \"><div class=\"timeline-block-timeline ctl-row  position-left\"><div class=\"ctl-6 timeline-block-time\"><div class=\"story-time\"><p>2019<\/p><\/div><\/div><div class=\"timeline-block-icon\"><svg stroke=\"currentColor\" fill=\"currentColor\" stroke-width=\"0\" viewBox=\"0 0 512 512\" height=\"1em\" width=\"1em\" xmlns=\"http:\/\/www.w3.org\/2000\/svg\"><path d=\"M256 8C119 8 8 119 8 256s111 248 248 248 248-111 248-248S393 8 256 8z\"><\/path><\/svg><\/div><div class=\"ctl-6 timeline-block-detail\"><div class=\"story-details\"><div class=\"story-content\">\n<figure class=\"wp-block-image size-full ctlb-block-image\"><img loading=\"lazy\" decoding=\"async\" width=\"640\" height=\"480\" src=\"https:\/\/www.volkgermany.de\/vlk\/wp-content\/uploads\/2023\/02\/image3.jpg\" alt=\"\" class=\"wp-image-1882\" style=\"aspect-ratio:4\/3;object-fit:cover\" srcset=\"https:\/\/www.volkgermany.de\/vlk\/wp-content\/uploads\/2023\/02\/image3.jpg 640w, https:\/\/www.volkgermany.de\/vlk\/wp-content\/uploads\/2023\/02\/image3-300x225.jpg 300w\" sizes=\"auto, (max-width: 640px) 100vw, 640px\" \/><\/figure>\n\n\n\n<h3 class=\"wp-block-heading ctlb-block-title\" style=\"padding-top:0px;padding-right:0px;padding-bottom:0px;padding-left:0px\">60 Jahre Volk<\/h3>\n\n\n\n<p class=\"ctlb-block-desc\" style=\"padding-top:0px;padding-right:0px;padding-bottom:0px;padding-left:0px\">Bei sommerlichen Temperaturen konnten wir im Juli 2019 das 60-j\u00e4hrige Bestehen gemeinsam mit dem gesamten Team ausgiebig feiern. Bei einem leckeren Essen, Musik, einem Unterhaltungsprogramm und tollen Gespr\u00e4chen, war eine gro\u00dfartige Jubil\u00e4umsfeier garantiert.<\/p>\n<\/div><\/div><\/div><\/div><\/div><\/div>\n<\/div><\/div><\/div><\/div>\n\n\n\n<h2 class=\"wp-block-heading\"><\/h2>\n","protected":false},"excerpt":{"rendered":"<p>Ein kleiner Einblick in die Firmengeschichte<\/p>\n","protected":false},"author":1,"featured_media":0,"parent":0,"menu_order":0,"comment_status":"closed","ping_status":"closed","template":"","meta":{"cybocfi_hide_featured_image":"","footnotes":""},"class_list":["post-2739","page","type-page","status-publish","hentry"],"_links":{"self":[{"href":"https:\/\/www.volkgermany.de\/vlk\/wp-json\/wp\/v2\/pages\/2739","targetHints":{"allow":["GET"]}}],"collection":[{"href":"https:\/\/www.volkgermany.de\/vlk\/wp-json\/wp\/v2\/pages"}],"about":[{"href":"https:\/\/www.volkgermany.de\/vlk\/wp-json\/wp\/v2\/types\/page"}],"author":[{"embeddable":true,"href":"https:\/\/www.volkgermany.de\/vlk\/wp-json\/wp\/v2\/users\/1"}],"replies":[{"embeddable":true,"href":"https:\/\/www.volkgermany.de\/vlk\/wp-json\/wp\/v2\/comments?post=2739"}],"version-history":[{"count":7,"href":"https:\/\/www.volkgermany.de\/vlk\/wp-json\/wp\/v2\/pages\/2739\/revisions"}],"predecessor-version":[{"id":3112,"href":"https:\/\/www.volkgermany.de\/vlk\/wp-json\/wp\/v2\/pages\/2739\/revisions\/3112"}],"wp:attachment":[{"href":"https:\/\/www.volkgermany.de\/vlk\/wp-json\/wp\/v2\/media?parent=2739"}],"curies":[{"name":"wp","href":"https:\/\/api.w.org\/{rel}","templated":true}]}}