{"id":2512,"date":"2023-03-01T12:39:41","date_gmt":"2023-03-01T12:39:41","guid":{"rendered":"https:\/\/www.volkgermany.de\/vlk\/?page_id=2512"},"modified":"2025-11-04T12:11:17","modified_gmt":"2025-11-04T12:11:17","slug":"kaufmann-frau-fuer-spedition-und-logistikdienstleistung-m-w-d","status":"publish","type":"page","link":"https:\/\/www.volkgermany.de\/vlk\/kaufmann-frau-fuer-spedition-und-logistikdienstleistung-m-w-d\/","title":{"rendered":"Kaufmann\/-frau f\u00fcr Spedition- und Logistikdienstleistung (m\/w\/d)"},"content":{"rendered":"<div data-colibri-id=\"2512-c1\" class=\"style-1571 style-local-2512-c1 position-relative\">\n  <!---->\n  <div data-colibri-component=\"section\" data-colibri-id=\"2512-c2\" id=\"reusable-sections\" class=\"h-section h-section-global-spacing d-flex align-items-lg-center align-items-md-center align-items-center style-1572 style-local-2512-c2 position-relative\">\n    <!---->\n    <!---->\n    <div class=\"h-section-grid-container h-section-boxed-container\">\n      <div data-colibri-id=\"2512-c12\" class=\"h-row-container gutters-row-lg-2 gutters-row-md-2 gutters-row-2 gutters-row-v-lg-2 gutters-row-v-md-2 gutters-row-v-2 style-1584 style-local-2512-c12 position-relative\">\n        <!---->\n        <div class=\"h-row justify-content-lg-center justify-content-md-center justify-content-center align-items-lg-stretch align-items-md-stretch align-items-stretch gutters-col-lg-2 gutters-col-md-2 gutters-col-2 gutters-col-v-lg-2 gutters-col-v-md-2 gutters-col-v-2\">\n          <!---->\n          <div class=\"h-column h-column-container d-flex h-col-lg-auto h-col-md-auto h-col-auto style-1585-outer style-local-2512-c13-outer\">\n            <div data-colibri-id=\"2512-c13\" class=\"d-flex h-flex-basis h-column__inner h-px-lg-2 h-px-md-2 h-px-2 v-inner-lg-2 v-inner-md-2 v-inner-2 style-1585 style-local-2512-c13 position-relative\">\n              <!---->\n              <!---->\n              <div class=\"w-100 h-y-container h-column__content h-column__v-align flex-basis-100 align-self-lg-start align-self-md-start align-self-start\">\n                <!---->\n                <div data-colibri-id=\"2512-c14\" class=\"h-global-transition-all h-heading style-1586 style-local-2512-c14 position-relative h-element\">\n                  <!---->\n                  <div class=\"h-heading__outer style-1586 style-local-2512-c14\">\n                    <!---->\n                    <!---->\n                    <h2 class=\"\">Kaufmann\/-frau f\u00fcr Spedition- und Logistikdienstleistung (m\/w\/d)<\/h2>\n                  <\/div>\n                <\/div>\n                <div data-colibri-id=\"2512-c15\" class=\"h-lead h-text h-text-component style-1587 style-local-2512-c15 position-relative h-element\">\n                  <!---->\n                  <!---->\n                  <div class=\"\">\n                    <p>Seit \u00fcber 65 Jahren bewegen wir Gro\u00dfes \u2013 im wahrsten Sinne des Wortes. Als mittelst\u00e4ndisches Familienunternehmen mit Sitz in Pfullingen sind wir auf europaweite Maschinen- und Schwerguttransporte spezialisiert.<\/p>\n                    <p>Unsere Kunden? Namhafte Maschinenbauunternehmen in ganz Europa.<\/p>\n                    <p>Unsere St\u00e4rke? Ein hervorragendes Team in einem kollegialen Arbeitsklima.<\/p>\n                    <p>Unsere Kernkompetenz? Ein einzigartiger Fuhrpark mit hydraulisch absenkbaren Spezialfahrzeugen \u2013 entwickelt, gebaut und gewartet in unserer eigenen Werkstatt.<\/p>\n                    <p>Unser Anspruch? Sicherer, p\u00fcnktlicher und qualit\u00e4tsgerechter Full-Service \u2013 Tag f\u00fcr Tag.<\/p>\n                    <p>\n                      <u>Warum Sie zu uns passen:<\/u> Sie suchen nicht irgendeinen Job, sondern m\u00f6chten Teil eines Teams sein, das Technik lebt und Verantwortung \u00fcbernimmt? Dann sind Sie bei uns genau richtig. Wir suchen Menschen mit Anpackmentalit\u00e4t, technischem\n                      Verst\u00e4ndnis und dem Wunsch, etwas zu bewegen \u2013 im wahrsten Sinne.<\/p>\n                  <\/div>\n                <\/div>\n              <\/div>\n            <\/div>\n          <\/div>\n        <\/div>\n      <\/div>\n      <div data-colibri-id=\"2512-c3\" class=\"h-row-container gutters-row-lg-2 gutters-row-md-2 gutters-row-0 gutters-row-v-lg-2 gutters-row-v-md-2 gutters-row-v-2 style-1573 style-local-2512-c3 position-relative\">\n        <!---->\n        <div class=\"h-row justify-content-lg-center justify-content-md-center justify-content-center align-items-lg-stretch align-items-md-stretch align-items-stretch gutters-col-lg-2 gutters-col-md-2 gutters-col-0 gutters-col-v-lg-2 gutters-col-v-md-2 gutters-col-v-2\">\n          <!---->\n          <div class=\"h-column h-column-container d-flex h-col-lg-auto h-col-md-auto h-col-auto style-1574-outer style-local-2512-c4-outer\">\n            <div data-colibri-id=\"2512-c4\" class=\"d-flex h-flex-basis h-column__inner h-px-lg-2 h-px-md-2 h-px-2 v-inner-lg-2 v-inner-md-2 v-inner-2 style-1574 style-local-2512-c4 position-relative\">\n              <!---->\n              <!---->\n              <div class=\"w-100 h-y-container h-column__content h-column__v-align flex-basis-100 align-self-lg-start align-self-md-start align-self-start\">\n                <!---->\n                <div data-colibri-component=\"tabs\" data-colibri-id=\"2512-c5\" class=\"h-tabs h-tabs-horizontal h-tabs--horizontal--auto-lg h-tabs--horizontal--auto-md h-tabs--horizontal--full h-tabs h-tabs-horizontal h-tabs--horizontal--auto-lg h-tabs--horizontal--auto-md h-tabs--horizontal--full style-1575 style-local-2512-c5 position-relative h-element\">\n                  <!---->\n                  <div class=\"h-tabs-navigation d-flex h-tabs-navigation-horizontal\">\n                    <a href=\"#unser-angebot\" class=\"h-tabs-navigation-item d-flex align-items-center h-global-transition h-tabs-navigation-active-item h-custom-active-state\" rel=\"#unser-angebot\"><span class=\"h-svg-icon\"><!--Icon by Icons8 Line Awesome (https:\/\/icons8.com\/line-awesome)--><svg version=\"1.1\" xmlns=\"http:\/\/www.w3.org\/2000\/svg\" xmlns:xlink=\"http:\/\/www.w3.org\/1999\/xlink\" id=\"home\" viewBox=\"0 0 512 545.5\"><path d=\"M256 73.5l11.5 11 208 208-23 23L432 295v185H288V320h-64v160H80V295l-20.5 20.5-23-23 208-208zm0 45.5L112 263v185h80V288h128v160h80V263z\"><\/path><\/svg><\/span>                      <span class=\"h-tabs-navigation-item__text\">Unser Angebot<\/span><\/a>\n                    <a href=\"#ihre-aufgaben\" class=\"h-tabs-navigation-item d-flex align-items-center h-global-transition\" rel=\"#ihre-aufgaben\"><span class=\"h-svg-icon\"><!--Icon by Icons8 Line Awesome (https:\/\/icons8.com\/line-awesome)--><svg version=\"1.1\" xmlns=\"http:\/\/www.w3.org\/2000\/svg\" xmlns:xlink=\"http:\/\/www.w3.org\/1999\/xlink\" id=\"gear\" viewBox=\"0 0 512 545.5\"><path d=\"M211 80h90l2.5 13 9.5 47.5c15.22 5.984 29.021 14.45 41.5 24.5l46.5-16 12.5-4 6.5 11.5 32 55 6.5 11.5-9.5 8.5-36 31.5c1.337 8.204 3 16.346 3 25s-1.664 16.792-3 25l36 31.5 9.5 8.5-6.5 11.5-32 55-6.5 11.5-12.5-4-46.5-16c-12.475 10.048-26.273 18.515-41.5 24.5l-9.5 47.5-2.5 13h-90l-2.5-13-9.5-47.5c-15.22-5.984-29.021-14.45-41.5-24.5L111 427l-12.5 4-6.5-11.5-32-55-6.5-11.5 9.5-8.5L99 313c-1.337-8.204-3-16.346-3-25s1.663-16.796 3-25l-36-31.5-9.5-8.5 6.5-11.5 32-55 6.5-11.5 12.5 4 46.5 16c12.475-10.048 26.273-18.515 41.5-24.5l9.5-47.5zm26 32l-8 41.5-2 9.5-9 3c-18.21 5.678-34.696 15.282-48.5 28l-7 6.5-9-3-40.5-14L94 216l32 28.5 7.5 6-2.5 9.5c-2.04 9.127-3 18.444-3 28s.96 18.873 3 28l2.5 9.5-7.5 6L94 360l19 32.5 40.5-14 9-3 7 6.5c13.8 12.714 30.303 22.32 48.5 28l9 3 2 9.5 8 41.5h38l8-41.5 2-9.5 9-3c18.21-5.68 34.696-15.282 48.5-28l7-6.5 9 3 40.5 14 19-32.5-32-28.5-7-6 2-9.5c2.043-9.148 3-18.444 3-28s-.96-18.873-3-28l-2.5-9.5 7.5-6 32-28.5-19-32.5-40.5 14-9 3-7-6.5c-13.8-12.714-30.303-22.32-48.5-28l-9-3-2-9.5-8-41.5h-38zm19 96c43.993 0 80 36.007 80 80s-36.007 80-80 80-80-36.007-80-80 36.007-80 80-80zm0 32c-26.7 0-48 21.3-48 48s21.3 48 48 48 48-21.3 48-48-21.3-48-48-48z\"><\/path><\/svg><\/span>                      <span class=\"h-tabs-navigation-item__text\">Ihre Aufgaben<\/span><\/a>\n                    <a href=\"#vorraussetzungen\" class=\"h-tabs-navigation-item d-flex align-items-center h-global-transition\" rel=\"#vorraussetzungen\"><span class=\"h-svg-icon\"><!--Icon by Icons8 Line Awesome (https:\/\/icons8.com\/line-awesome)--><svg version=\"1.1\" xmlns=\"http:\/\/www.w3.org\/2000\/svg\" xmlns:xlink=\"http:\/\/www.w3.org\/1999\/xlink\" id=\"cogs\" viewBox=\"0 0 512 545.5\"><path d=\"M344 72h32v22.5c13.256 2.334 25.375 7.58 36 15l15-15 22.5 22.5-15 15c7.42 10.625 12.666 22.744 15 36H472v32h-22.5c-2.357 13.388-7.46 25.802-15 36.5L450 253l-23.5 22-15-16c-10.494 7.212-22.48 12.208-35.5 14.5V296h-32v-22.5c-13.256-2.334-25.375-7.58-36-15l-16.5 17-23-23 17-16.5c-7.42-10.625-12.666-22.744-15-36H248v-32h22.5c2.292-13.02 7.288-25.006 14.5-35.5l-16-15L291 94l16.5 15.5c10.698-7.54 23.112-12.643 36.5-15V72zm16 53c-32.885 0-59 26.115-59 59s26.115 59 59 59 59-26.115 59-59-26.115-59-59-59zm-207.5 94.5l11.5 29c8.477-2.118 17.388-3.5 26.5-3.5 9.13 0 18.015 1.362 26.5 3.5l11.5-29 29.5 12-11.5 29c15.108 9.133 27.874 21.944 37 37l29-11.5 12 29.5-29 11.5c2.118 8.458 3.5 17.388 3.5 26.5s-1.382 18.023-3.5 26.5l29 11.5-12 29.5-29-11.5c-9.107 15.23-21.88 28.264-37 37.5l11.5 28.5-29.5 12L217 459c-8.458 2.138-17.388 3.5-26.5 3.5-9.166 0-17.972-1.345-26.5-3.5l-11.5 28.5-29.5-12 11.5-28.5c-15.37-9.23-28.246-22.145-37.5-37.5L68.5 421l-12-29.5L85 380c-2.138-8.477-3.5-17.388-3.5-26.5s1.362-18.042 3.5-26.5l-28.5-11.5 12-29.5L97 297.5c9.236-15.12 22.27-27.893 37.5-37l-11.5-29zm38 57.5c-42.605 0-77 33.895-77 76.5s34.395 77 77 77 76.5-34.395 76.5-77-33.895-76.5-76.5-76.5z\"><\/path><\/svg><\/span>                      <span class=\"h-tabs-navigation-item__text\">Vorraussetzungen<\/span><\/a>\n                  <\/div>\n                  <div id=\"unser-angebot\" skip-smooth-scroll=\"true\" skip-scroll-spy=\"true\" data-colibri-id=\"2512-c6\" class=\"h-tabs-item-content h-tabs-item h-tabs-content-horizontal h-tabs-content-2512-c6 style-1576 style-local-2512-c6 position-relative h-element h-tabs-content-active\">\n                    <!---->\n                    <div class=\"w-100 h-y-container\">\n                      <!---->\n                      <div data-colibri-id=\"2512-c7\" class=\"h-text h-text-component style-1577 style-local-2512-c7 position-relative h-element\">\n                        <!---->\n                        <!---->\n                        <div class=\"\">\n                          <ul>\n                            <li>Attraktive Verg\u00fctung mit betrieblichen Sonderleistungen<\/li>\n                            <li>Kollegiales Arbeitsklima in einem hervorragenden Team<\/li>\n                            <li>Modernes Familienunternehmen mit flacher Hierarchie und kurzen Entscheidungswegen<\/li>\n                            <li>Mehrere Benefits wie Schulungen, Fortbildungen, betriebliche Altersvorsorge, etc.<\/li>\n                            <li>Mitarbeiterevents<\/li>\n                            <li>Abwechslungsreicher Arbeitsalltag mit geregelten Arbeitszeiten<\/li>\n                            <li>Abwechslungsreiches Aufgabenfeld<\/li>\n                            <li>Abwechslungsreicher Alltag mit geregelten Arbeitszeiten<\/li>\n                            <li>Langfristiger Arbeitsplatz in der zukunftssicheren Logistikbranche<\/li>\n                            <li>Ein individuelles und umfangreiches OnBoarding<\/li>\n                          <\/ul>\n                          <p>\n                            <br>\n                          <\/p>\n                          <p>\n                            <br>\n                          <\/p>\n                        <\/div>\n                      <\/div>\n                    <\/div>\n                  <\/div>\n                  <div id=\"ihre-aufgaben\" skip-smooth-scroll=\"true\" skip-scroll-spy=\"true\" data-colibri-id=\"2512-c8\" class=\"h-tabs-item-content h-tabs-item h-tabs-content-horizontal h-tabs-content-2512-c8 style-1580 style-local-2512-c8 position-relative h-element hide\">\n                    <!---->\n                    <div class=\"w-100 h-y-container\">\n                      <!---->\n                      <div data-colibri-id=\"2512-c9\" class=\"h-text h-text-component style-1581 style-local-2512-c9 position-relative h-element\">\n                        <!---->\n                        <!---->\n                        <div class=\"\">\n                          <ul>\n                            <li>Disponieren von Spezialfahrzeugen<\/li>\n                            <li>Erstellung von Genehmigungen f\u00fcr Gro\u00dfraum- und Schwertransporte<\/li>\n                            <li>Kundenbetreuung<\/li>\n                            <li>Projektabwicklung<\/li>\n                            <li>Erschlie\u00dfung neuer M\u00e4rkte<\/li>\n                            <li>Allgemeine Logistik- und Fuhrparkverwaltung<\/li>\n                          <\/ul>\n                          <p>\n                            <br>\n                          <\/p>\n                          <p>\n                            <br>\n                          <\/p>\n                        <\/div>\n                      <\/div>\n                    <\/div>\n                  <\/div>\n                  <div id=\"vorraussetzungen\" skip-smooth-scroll=\"true\" skip-scroll-spy=\"true\" data-colibri-id=\"2512-c10\" class=\"h-tabs-item-content h-tabs-item h-tabs-content-horizontal h-tabs-content-2512-c10 style-1582 style-local-2512-c10 position-relative h-element hide\">\n                    <!---->\n                    <div class=\"w-100 h-y-container\">\n                      <!---->\n                      <div data-colibri-id=\"2512-c11\" class=\"h-text h-text-component style-1583 style-local-2512-c11 position-relative h-element\">\n                        <!---->\n                        <!---->\n                        <div class=\"\">\n                          <ul>\n                            <li>Abgeschlossene Berufsausbildung als Kaufmann \/-frau f\u00fcr Speditions- und&nbsp;Logistikdienstleistungen oder in einem kaufm\u00e4nnischen Beruf<\/li>\n                            <li>Zuverl\u00e4ssigkeit<\/li>\n                            <li>Organisationsf\u00e4higkeit und strukturiertes Arbeiten<\/li>\n                            <li>Gute Deutsch- und Englischkenntnisse<\/li>\n                            <li>Souver\u00e4ner Umgang im PC-Wesen<\/li>\n                          <\/ul>\n                          <p>\n                            <br>\n                          <\/p>\n                          <p>\n                            <br>\n                          <\/p>\n                        <\/div>\n                      <\/div>\n                    <\/div>\n                  <\/div>\n                <\/div>\n              <\/div>\n            <\/div>\n          <\/div>\n        <\/div>\n      <\/div>\n    <\/div>\n  <\/div>\n  <div data-colibri-component=\"section\" data-colibri-id=\"2512-c16\" id=\"reusable-sections-2\" class=\"h-section h-section-global-spacing d-flex align-items-lg-center align-items-md-center align-items-center style-1588 style-local-2512-c16 position-relative\">\n    <!---->\n    <!---->\n    <div class=\"h-section-grid-container h-section-boxed-container\">\n      <!---->\n      <div data-colibri-id=\"2512-c17\" class=\"h-row-container gutters-row-lg-2 gutters-row-md-2 gutters-row-2 gutters-row-v-lg-2 gutters-row-v-md-2 gutters-row-v-2 style-1589 style-local-2512-c17 position-relative\">\n        <!---->\n        <div class=\"h-row justify-content-lg-center justify-content-md-center justify-content-center align-items-lg-stretch align-items-md-stretch align-items-stretch gutters-col-lg-2 gutters-col-md-2 gutters-col-2 gutters-col-v-lg-2 gutters-col-v-md-2 gutters-col-v-2\">\n          <!---->\n          <div class=\"h-column h-column-container d-flex h-col-lg-auto h-col-md-auto h-col-auto style-1590-outer style-local-2512-c18-outer\">\n            <div data-colibri-id=\"2512-c18\" class=\"d-flex h-flex-basis h-column__inner h-px-lg-2 h-px-md-2 h-px-2 v-inner-lg-2 v-inner-md-2 v-inner-2 style-1590 style-local-2512-c18 position-relative\">\n              <!---->\n              <!---->\n              <div class=\"w-100 h-y-container h-column__content h-column__v-align flex-basis-100 align-self-lg-start align-self-md-start align-self-start\">\n                <!---->\n                <div data-colibri-id=\"2512-c19\" class=\"h-row-container gutters-row-lg-0 gutters-row-md-0 gutters-row-0 gutters-row-v-lg-0 gutters-row-v-md-0 gutters-row-v-0 style-1591 style-local-2512-c19 position-relative\">\n                  <!---->\n                  <div class=\"h-row justify-content-lg-center justify-content-md-center justify-content-center align-items-lg-stretch align-items-md-stretch align-items-stretch gutters-col-lg-0 gutters-col-md-0 gutters-col-0 gutters-col-v-lg-0 gutters-col-v-md-0 gutters-col-v-0\">\n                    <!---->\n                    <div class=\"h-column h-column-container d-flex h-col-lg-auto h-col-md-auto h-col-auto style-1592-outer style-local-2512-c20-outer\">\n                      <div data-colibri-id=\"2512-c20\" class=\"d-flex h-flex-basis h-column__inner h-ui-empty-state-container h-px-lg-0 h-px-md-0 h-px-0 v-inner-lg-0 v-inner-md-0 v-inner-0 style-1592 style-local-2512-c20 position-relative\">\n                        <div class=\"background-wrapper\">\n                          <div class=\"background-layer background-layer-media-container-lg\">\n                            <!---->\n                            <div class=\"overlay-layer\">\n                              <div class=\"overlay-image-layer\" style=\"background-image: linear-gradient(10deg, rgba(255, 255, 255, 0) 0%, rgb(255, 255, 255) 100%);\"><\/div>\n                            <\/div>\n                          <\/div>\n                          <div class=\"background-layer background-layer-media-container-md\">\n                            <!---->\n                            <div class=\"overlay-layer\">\n                              <div class=\"overlay-image-layer\" style=\"background-image: linear-gradient(10deg, rgba(255, 255, 255, 0) 0%, rgb(255, 255, 255) 100%);\"><\/div>\n                            <\/div>\n                          <\/div>\n                          <div class=\"background-layer background-layer-media-container\">\n                            <!---->\n                            <div class=\"overlay-layer\">\n                              <div class=\"overlay-image-layer\" style=\"background-image: linear-gradient(10deg, rgba(255, 255, 255, 0) 0%, rgb(255, 255, 255) 100%);\"><\/div>\n                            <\/div>\n                          <\/div>\n                        <\/div>\n                        <!---->\n                        <div class=\"w-100 h-y-container h-column__content h-column__v-align flex-basis-100\">\n                          <!---->\n                        <\/div>\n                      <\/div>\n                    <\/div>\n                    <div class=\"h-column h-column-container d-flex h-col-lg-auto h-col-md-auto h-col-auto style-1593-outer style-local-2512-c21-outer\">\n                      <div data-colibri-id=\"2512-c21\" class=\"d-flex h-flex-basis h-column__inner h-px-lg-2 h-px-md-2 h-px-2 v-inner-lg-2 v-inner-md-2 v-inner-2 style-1593 style-local-2512-c21 position-relative\">\n                        <!---->\n                        <!---->\n                        <div class=\"w-100 h-y-container h-column__content h-column__v-align flex-basis-100 align-self-lg-center align-self-md-center align-self-center\">\n                          <!---->\n                          <div data-colibri-id=\"2512-c22\" class=\"h-global-transition-all h-heading style-1594 style-local-2512-c22 position-relative h-element\">\n                            <!---->\n                            <div class=\"h-heading__outer style-1594 style-local-2512-c22\">\n                              <!---->\n                              <!---->\n                              <h2 class=\"\">Haben wir Ihr Interesse geweckt? Dann freuen wir uns auf Ihre Bewerbung.<\/h2>\n                            <\/div>\n                          <\/div>\n                          <div data-colibri-id=\"2512-c23\" class=\"h-x-container style-1595 style-local-2512-c23 position-relative h-element\">\n                            <!---->\n                            <div class=\"h-x-container-inner style-dynamic-2512-c23-group style-1595-spacing style-local-2512-c23-spacing\"><span class=\"h-button__outer style-1596-outer style-local-2512-c24-outer d-inline-flex h-element\"><a h-use-smooth-scroll=\"true\" href=\"mailto:bewerbung@volkgermany.de\"  data-colibri-id=\"2512-c24\" class=\"d-flex w-100 align-items-center h-button justify-content-lg-center justify-content-md-center justify-content-center style-1596 style-local-2512-c24 position-relative\"><!----><!----> <span>Bewerbung<\/span><\/a>\n                              <\/span>\n                            <\/div>\n                          <\/div>\n                        <\/div>\n                      <\/div>\n                    <\/div>\n                  <\/div>\n                <\/div>\n              <\/div>\n            <\/div>\n          <\/div>\n        <\/div>\n      <\/div>\n    <\/div>\n  <\/div>\n<\/div>","protected":false},"excerpt":{"rendered":"<p>Kaufmann\/-frau f\u00fcr Spedition- und Logistikdienstleistung (m\/w\/d) Seit \u00fcber 65 Jahren bewegen wir Gro\u00dfes \u2013 im wahrsten Sinne des Wortes. Als mittelst\u00e4ndisches Familienunternehmen mit Sitz in Pfullingen sind wir auf europaweite Maschinen- und Schwerguttransporte spezialisiert. Unsere Kunden? Namhafte Maschinenbauunternehmen in ganz Europa. Unsere St\u00e4rke? Ein hervorragendes Team in einem kollegialen Arbeitsklima. Unsere Kernkompetenz? Ein einzigartiger Fuhrpark [&hellip;]<\/p>\n","protected":false},"author":1,"featured_media":0,"parent":0,"menu_order":0,"comment_status":"closed","ping_status":"closed","template":"page-templates\/full-width-page.php","meta":{"cybocfi_hide_featured_image":"","footnotes":""},"class_list":["post-2512","page","type-page","status-publish","hentry"],"_links":{"self":[{"href":"https:\/\/www.volkgermany.de\/vlk\/wp-json\/wp\/v2\/pages\/2512","targetHints":{"allow":["GET"]}}],"collection":[{"href":"https:\/\/www.volkgermany.de\/vlk\/wp-json\/wp\/v2\/pages"}],"about":[{"href":"https:\/\/www.volkgermany.de\/vlk\/wp-json\/wp\/v2\/types\/page"}],"author":[{"embeddable":true,"href":"https:\/\/www.volkgermany.de\/vlk\/wp-json\/wp\/v2\/users\/1"}],"replies":[{"embeddable":true,"href":"https:\/\/www.volkgermany.de\/vlk\/wp-json\/wp\/v2\/comments?post=2512"}],"version-history":[{"count":7,"href":"https:\/\/www.volkgermany.de\/vlk\/wp-json\/wp\/v2\/pages\/2512\/revisions"}],"predecessor-version":[{"id":3929,"href":"https:\/\/www.volkgermany.de\/vlk\/wp-json\/wp\/v2\/pages\/2512\/revisions\/3929"}],"wp:attachment":[{"href":"https:\/\/www.volkgermany.de\/vlk\/wp-json\/wp\/v2\/media?parent=2512"}],"curies":[{"name":"wp","href":"https:\/\/api.w.org\/{rel}","templated":true}]}}