{"id":186,"date":"2023-01-18T13:14:18","date_gmt":"2023-01-18T13:14:18","guid":{"rendered":"https:\/\/www.volkgermany.de\/vlk\/?page_id=186"},"modified":"2026-03-10T10:40:11","modified_gmt":"2026-03-10T10:40:11","slug":"spezialtransport","status":"publish","type":"page","link":"https:\/\/www.volkgermany.de\/vlk\/spezialtransport\/","title":{"rendered":"Spezialtransporte"},"content":{"rendered":"<div data-colibri-id=\"186-c1\" class=\"style-578 style-local-186-c1 position-relative\">\n  <!---->\n  <div data-colibri-component=\"section\" data-colibri-id=\"186-c2\" id=\"content\" class=\"h-section h-section-global-spacing d-flex align-items-lg-center align-items-md-center align-items-center style-834 style-local-186-c2 position-relative\">\n    <!---->\n    <!---->\n    <div class=\"h-section-grid-container h-section-boxed-container\">\n      <div data-colibri-id=\"186-c25\" class=\"h-row-container gutters-row-lg-2 gutters-row-md-2 gutters-row-2 gutters-row-v-lg-2 gutters-row-v-md-2 gutters-row-v-2 style-846 style-local-186-c25 position-relative\">\n        <!---->\n        <div class=\"h-row justify-content-lg-center justify-content-md-center justify-content-center align-items-lg-stretch align-items-md-stretch align-items-stretch gutters-col-lg-2 gutters-col-md-2 gutters-col-2 gutters-col-v-lg-2 gutters-col-v-md-2 gutters-col-v-2\">\n          <!---->\n          <div class=\"h-column h-column-container d-flex h-col-lg-auto h-col-md-auto h-col-auto style-847-outer style-local-186-c26-outer\">\n            <div data-colibri-id=\"186-c26\" class=\"d-flex h-flex-basis h-column__inner h-px-lg-2 h-px-md-2 h-px-2 v-inner-lg-2 v-inner-md-2 v-inner-2 style-847 style-local-186-c26 position-relative\">\n              <!---->\n              <!---->\n              <div class=\"w-100 h-y-container h-column__content h-column__v-align flex-basis-100 align-self-lg-start align-self-md-start align-self-start\">\n                <!---->\n                <div data-colibri-id=\"186-c27\" class=\"h-global-transition-all h-heading style-848 style-local-186-c27 position-relative h-element\">\n                  <!---->\n                  <div class=\"h-heading__outer style-848 style-local-186-c27\">\n                    <!---->\n                    <!---->\n                    <h3 class=\"\">Spezial- und Schwertransporte<\/h3>\n                  <\/div>\n                <\/div>\n              <\/div>\n            <\/div>\n          <\/div>\n        <\/div>\n      <\/div>\n      <div data-colibri-id=\"186-c29\" class=\"h-row-container gutters-row-lg-2 gutters-row-md-2 gutters-row-0 gutters-row-v-lg-2 gutters-row-v-md-2 gutters-row-v-2 style-2234 style-local-186-c29 position-relative\">\n        <!---->\n        <div class=\"h-row justify-content-lg-center justify-content-md-center justify-content-center align-items-lg-stretch align-items-md-stretch align-items-stretch gutters-col-lg-2 gutters-col-md-2 gutters-col-0 gutters-col-v-lg-2 gutters-col-v-md-2 gutters-col-v-2\">\n          <!---->\n          <div class=\"h-column h-column-container d-flex h-col-lg-auto h-col-md-auto h-col-auto style-2235-outer style-local-186-c30-outer\">\n            <div data-colibri-id=\"186-c30\" class=\"d-flex h-flex-basis h-column__inner h-px-lg-2 h-px-md-2 h-px-2 v-inner-lg-2 v-inner-md-2 v-inner-2 style-2235 style-local-186-c30 position-relative\">\n              <!---->\n              <!---->\n              <div class=\"w-100 h-y-container h-column__content h-column__v-align flex-basis-100 align-self-lg-start align-self-md-start align-self-start\">\n                <!---->\n                <div data-colibri-id=\"186-c31\" class=\"h-text h-text-component style-2236 style-local-186-c31 position-relative h-element\">\n                  <!---->\n                  <!---->\n                  <div class=\"\">\n                    <p>F\u00fcr alle Gro\u00dfraum- und Schwertransporte, bei denen zul\u00e4ssige Transportabmessungen \u00fcberschritten werden,\n                      <br>organisieren wir die erforderlichen Ausnahmegenehmigungen inklusive aller Auflagen.\n                      <br>\n                      <br>Mit Sondergenehmigung transportieren unsere Spezialfahrzeuge Lasten bis zu 42 Tonnen St\u00fcckgewicht. Auch f\u00fcr internationale Schwertransporte k\u00fcmmern wir uns um alle erforderlichen Genehmigungen.<\/p>\n                  <\/div>\n                <\/div>\n              <\/div>\n            <\/div>\n          <\/div>\n        <\/div>\n      <\/div>\n      <div data-colibri-id=\"186-c3\" class=\"h-row-container gutters-row-lg-2 gutters-row-md-2 gutters-row-2 gutters-row-v-lg-2 gutters-row-v-md-2 gutters-row-v-2 style-835 style-local-186-c3 position-relative\">\n        <!---->\n        <div class=\"h-row justify-content-lg-center justify-content-md-center justify-content-center align-items-lg-stretch align-items-md-stretch align-items-stretch gutters-col-lg-2 gutters-col-md-2 gutters-col-2 gutters-col-v-lg-2 gutters-col-v-md-2 gutters-col-v-2\">\n          <!---->\n          <div class=\"h-column h-column-container d-flex h-col-lg-auto h-col-md-auto h-col-auto style-836-outer style-local-186-c4-outer\">\n            <div data-colibri-id=\"186-c4\" class=\"d-flex h-flex-basis h-column__inner h-px-lg-0 h-px-md-0 h-px-0 v-inner-lg-0 v-inner-md-0 v-inner-0 style-836 style-local-186-c4 position-relative\">\n              <!---->\n              <!---->\n              <div class=\"w-100 h-y-container h-column__content h-column__v-align flex-basis-100 align-self-lg-start align-self-md-start align-self-start\">\n                <!---->\n                <div data-colibri-id=\"186-c5\" class=\"h-row-container gutters-row-lg-2 gutters-row-md-2 gutters-row-2 gutters-row-v-lg-2 gutters-row-v-md-2 gutters-row-v-2 style-837 style-local-186-c5 position-relative\">\n                  <!---->\n                  <div class=\"h-row justify-content-lg-center justify-content-md-center justify-content-center align-items-lg-stretch align-items-md-stretch align-items-stretch gutters-col-lg-2 gutters-col-md-2 gutters-col-2 gutters-col-v-lg-2 gutters-col-v-md-2 gutters-col-v-2\">\n                    <!---->\n                    <div class=\"h-column h-column-container d-flex h-col-lg-auto h-col-md-auto h-col-auto style-838-outer style-local-186-c6-outer\">\n                      <div data-colibri-id=\"186-c6\" class=\"d-flex h-flex-basis h-column__inner h-px-lg-0 h-px-md-0 h-px-0 v-inner-lg-0 v-inner-md-0 v-inner-0 style-838 style-local-186-c6 position-relative\">\n                        <!---->\n                        <!---->\n                        <div class=\"w-100 h-y-container h-column__content h-column__v-align flex-basis-100 align-self-lg-center align-self-md-center align-self-center\">\n                          <!---->\n                          <div data-colibri-id=\"186-c7\" class=\"h-global-transition-all h-heading style-839 style-local-186-c7 position-relative h-element\">\n                            <!---->\n                            <div class=\"h-heading__outer style-839 style-local-186-c7\">\n                              <!---->\n                              <!---->\n                              <h4 class=\"\">Auftrag in den Bergen<\/h4>\n                            <\/div>\n                          <\/div>\n                          <div data-colibri-id=\"186-c8\" class=\"h-text h-text-component style-840 style-local-186-c8 position-relative h-element\">\n                            <!---->\n                            <!---->\n                            <div class=\"\">\n                              <p>Transport einer Gondel in S\u00fcdtirol<\/p>\n                            <\/div>\n                          <\/div>\n                        <\/div>\n                      <\/div>\n                    <\/div>\n                    <div class=\"h-column h-column-container d-flex h-col-lg-auto h-col-md-auto h-col-auto style-841-outer style-local-186-c9-outer\">\n                      <div data-colibri-id=\"186-c9\" class=\"d-flex h-flex-basis h-column__inner h-ui-empty-state-container h-px-lg-0 h-px-md-0 h-px-0 v-inner-lg-0 v-inner-md-0 v-inner-0 style-841 style-local-186-c9 position-relative\">\n                        <!---->\n                        <!---->\n                        <div class=\"w-100 h-y-container h-column__content h-column__v-align flex-basis-100\">\n                          <!---->\n                        <\/div>\n                      <\/div>\n                    <\/div>\n                  <\/div>\n                <\/div>\n                <div data-colibri-id=\"186-c10\" class=\"h-row-container gutters-row-lg-2 gutters-row-md-2 gutters-row-2 gutters-row-v-lg-2 gutters-row-v-md-2 gutters-row-v-2 style-837 style-local-186-c10 position-relative\">\n                  <!---->\n                  <div class=\"h-row justify-content-lg-center justify-content-md-center justify-content-center align-items-lg-stretch align-items-md-stretch align-items-stretch gutters-col-lg-2 gutters-col-md-2 gutters-col-2 gutters-col-v-lg-2 gutters-col-v-md-2 gutters-col-v-2\">\n                    <!---->\n                    <div class=\"h-column h-column-container d-flex h-col-lg-auto h-col-md-auto h-col-auto style-842-outer style-local-186-c11-outer\">\n                      <div data-colibri-id=\"186-c11\" class=\"d-flex h-flex-basis h-column__inner h-ui-empty-state-container h-px-lg-0 h-px-md-0 h-px-0 v-inner-lg-0 v-inner-md-0 v-inner-0 style-842 style-local-186-c11 position-relative\">\n                        <!---->\n                        <!---->\n                        <div class=\"w-100 h-y-container h-column__content h-column__v-align flex-basis-100\">\n                          <!---->\n                        <\/div>\n                      <\/div>\n                    <\/div>\n                    <div class=\"h-column h-column-container d-flex h-col-lg-auto h-col-md-auto h-col-auto style-838-outer style-local-186-c12-outer\">\n                      <div data-colibri-id=\"186-c12\" class=\"d-flex h-flex-basis h-column__inner h-px-lg-0 h-px-md-0 h-px-0 v-inner-lg-0 v-inner-md-0 v-inner-0 style-838 style-local-186-c12 position-relative\">\n                        <!---->\n                        <!---->\n                        <div class=\"w-100 h-y-container h-column__content h-column__v-align flex-basis-100 align-self-lg-center align-self-md-center align-self-center\">\n                          <!---->\n                          <div data-colibri-id=\"186-c13\" class=\"h-global-transition-all h-heading style-839 style-local-186-c13 position-relative h-element\">\n                            <!---->\n                            <div class=\"h-heading__outer style-839 style-local-186-c13\">\n                              <!---->\n                              <!---->\n                              <h4 class=\"\">Mit Begleitung<\/h4>\n                            <\/div>\n                          <\/div>\n                          <div data-colibri-id=\"186-c14\" class=\"h-text h-text-component style-843 style-local-186-c14 position-relative h-element\">\n                            <!---->\n                            <!---->\n                            <div class=\"\">\n                              <p>Transport eines Bearbeitungszentrums<\/p>\n                            <\/div>\n                          <\/div>\n                        <\/div>\n                      <\/div>\n                    <\/div>\n                  <\/div>\n                <\/div>\n                <div data-colibri-id=\"186-c15\" class=\"h-row-container gutters-row-lg-2 gutters-row-md-2 gutters-row-2 gutters-row-v-lg-2 gutters-row-v-md-2 gutters-row-v-2 style-837 style-local-186-c15 position-relative\">\n                  <!---->\n                  <div class=\"h-row justify-content-lg-center justify-content-md-center justify-content-center align-items-lg-stretch align-items-md-stretch align-items-stretch gutters-col-lg-2 gutters-col-md-2 gutters-col-2 gutters-col-v-lg-2 gutters-col-v-md-2 gutters-col-v-2\">\n                    <!---->\n                    <div class=\"h-column h-column-container d-flex h-col-lg-auto h-col-md-auto h-col-auto style-838-outer style-local-186-c16-outer\">\n                      <div data-colibri-id=\"186-c16\" class=\"d-flex h-flex-basis h-column__inner h-px-lg-0 h-px-md-0 h-px-0 v-inner-lg-0 v-inner-md-0 v-inner-0 style-838 style-local-186-c16 position-relative\">\n                        <!---->\n                        <!---->\n                        <div class=\"w-100 h-y-container h-column__content h-column__v-align flex-basis-100 align-self-lg-center align-self-md-center align-self-center\">\n                          <!---->\n                          <div data-colibri-id=\"186-c17\" class=\"h-global-transition-all h-heading style-839 style-local-186-c17 position-relative h-element\">\n                            <!---->\n                            <div class=\"h-heading__outer style-839 style-local-186-c17\">\n                              <!---->\n                              <!---->\n                              <h4 class=\"\">Spezialtransport<\/h4>\n                            <\/div>\n                          <\/div>\n                          <div data-colibri-id=\"186-c18\" class=\"h-text h-text-component style-844 style-local-186-c18 position-relative h-element\">\n                            <!---->\n                            <!---->\n                            <div class=\"\">\n                              <p>Transport eines Stra\u00dfenbahnwagons auf den Pfullinger Marktplatz<\/p>\n                            <\/div>\n                          <\/div>\n                        <\/div>\n                      <\/div>\n                    <\/div>\n                    <div class=\"h-column h-column-container d-flex h-col-lg-auto h-col-md-auto h-col-auto style-845-outer style-local-186-c19-outer\">\n                      <div data-colibri-id=\"186-c19\" class=\"d-flex h-flex-basis h-column__inner h-ui-empty-state-container h-px-lg-0 h-px-md-0 h-px-0 v-inner-lg-0 v-inner-md-0 v-inner-0 style-845 style-local-186-c19 position-relative\">\n                        <!---->\n                        <!---->\n                        <div class=\"w-100 h-y-container h-column__content h-column__v-align flex-basis-100\">\n                          <!---->\n                        <\/div>\n                      <\/div>\n                    <\/div>\n                  <\/div>\n                <\/div>\n                <div data-colibri-id=\"186-c20\" class=\"h-row-container gutters-row-lg-2 gutters-row-md-2 gutters-row-2 gutters-row-v-lg-2 gutters-row-v-md-2 gutters-row-v-2 style-837 style-local-186-c20 position-relative\">\n                  <!---->\n                  <div class=\"h-row justify-content-lg-center justify-content-md-center justify-content-center align-items-lg-stretch align-items-md-stretch align-items-stretch gutters-col-lg-2 gutters-col-md-2 gutters-col-2 gutters-col-v-lg-2 gutters-col-v-md-2 gutters-col-v-2\">\n                    <!---->\n                    <div class=\"h-column h-column-container d-flex h-col-lg-auto h-col-md-auto h-col-auto style-1231-outer style-local-186-c21-outer\">\n                      <div data-colibri-id=\"186-c21\" class=\"d-flex h-flex-basis h-column__inner h-ui-empty-state-container h-px-lg-0 h-px-md-0 h-px-0 v-inner-lg-0 v-inner-md-0 v-inner-0 style-1231 style-local-186-c21 position-relative\">\n                        <!---->\n                        <!---->\n                        <div class=\"w-100 h-y-container h-column__content h-column__v-align flex-basis-100\">\n                          <!---->\n                        <\/div>\n                      <\/div>\n                    <\/div>\n                    <div class=\"h-column h-column-container d-flex h-col-lg-auto h-col-md-auto h-col-auto style-1232-outer style-local-186-c22-outer\">\n                      <div data-colibri-id=\"186-c22\" class=\"d-flex h-flex-basis h-column__inner h-px-lg-0 h-px-md-0 h-px-0 v-inner-lg-0 v-inner-md-0 v-inner-0 style-1232 style-local-186-c22 position-relative\">\n                        <!---->\n                        <!---->\n                        <div class=\"w-100 h-y-container h-column__content h-column__v-align flex-basis-100 align-self-lg-center align-self-md-center align-self-center\">\n                          <!---->\n                          <div data-colibri-id=\"186-c23\" class=\"h-global-transition-all h-heading style-839 style-local-186-c23 position-relative h-element\">\n                            <!---->\n                            <div class=\"h-heading__outer style-839 style-local-186-c23\">\n                              <!---->\n                              <!---->\n                              <h4 class=\"\">Pfullingen<\/h4>\n                            <\/div>\n                          <\/div>\n                          <div data-colibri-id=\"186-c24\" class=\"h-text h-text-component style-843 style-local-186-c24 position-relative h-element\">\n                            <!---->\n                            <!---->\n                            <div class=\"\">\n                              <p>Transport einer Anlage eines Maschinenherstellers aus Pfullingen<\/p>\n                            <\/div>\n                          <\/div>\n                        <\/div>\n                      <\/div>\n                    <\/div>\n                  <\/div>\n                <\/div>\n              <\/div>\n            <\/div>\n          <\/div>\n        <\/div>\n      <\/div>\n    <\/div>\n  <\/div>\n<\/div>","protected":false},"excerpt":{"rendered":"<p>Spezial- und Schwertransporte F\u00fcr alle Gro\u00dfraum- und Schwertransporte, bei denen zul\u00e4ssige Transportabmessungen \u00fcberschritten werden, organisieren wir die erforderlichen Ausnahmegenehmigungen inklusive aller Auflagen. Mit Sondergenehmigung transportieren unsere Spezialfahrzeuge Lasten bis zu 42 Tonnen St\u00fcckgewicht. Auch f\u00fcr internationale Schwertransporte k\u00fcmmern wir uns um alle erforderlichen Genehmigungen. Auftrag in den Bergen Transport einer Gondel in S\u00fcdtirol Mit Begleitung [&hellip;]<\/p>\n","protected":false},"author":1,"featured_media":0,"parent":0,"menu_order":0,"comment_status":"closed","ping_status":"closed","template":"page-templates\/full-width-page.php","meta":{"cybocfi_hide_featured_image":"","footnotes":""},"class_list":["post-186","page","type-page","status-publish","hentry"],"_links":{"self":[{"href":"https:\/\/www.volkgermany.de\/vlk\/wp-json\/wp\/v2\/pages\/186","targetHints":{"allow":["GET"]}}],"collection":[{"href":"https:\/\/www.volkgermany.de\/vlk\/wp-json\/wp\/v2\/pages"}],"about":[{"href":"https:\/\/www.volkgermany.de\/vlk\/wp-json\/wp\/v2\/types\/page"}],"author":[{"embeddable":true,"href":"https:\/\/www.volkgermany.de\/vlk\/wp-json\/wp\/v2\/users\/1"}],"replies":[{"embeddable":true,"href":"https:\/\/www.volkgermany.de\/vlk\/wp-json\/wp\/v2\/comments?post=186"}],"version-history":[{"count":20,"href":"https:\/\/www.volkgermany.de\/vlk\/wp-json\/wp\/v2\/pages\/186\/revisions"}],"predecessor-version":[{"id":4496,"href":"https:\/\/www.volkgermany.de\/vlk\/wp-json\/wp\/v2\/pages\/186\/revisions\/4496"}],"wp:attachment":[{"href":"https:\/\/www.volkgermany.de\/vlk\/wp-json\/wp\/v2\/media?parent=186"}],"curies":[{"name":"wp","href":"https:\/\/api.w.org\/{rel}","templated":true}]}}