{"id":1059,"date":"2023-01-20T11:30:49","date_gmt":"2023-01-20T11:30:49","guid":{"rendered":"https:\/\/www.volkgermany.de\/vlk\/?page_id=1059"},"modified":"2026-02-06T09:30:00","modified_gmt":"2026-02-06T09:30:00","slug":"lagerlogistik-2","status":"publish","type":"page","link":"https:\/\/www.volkgermany.de\/vlk\/lagerlogistik-2\/","title":{"rendered":"Lagerlogistik"},"content":{"rendered":"<div data-colibri-id=\"1059-c1\" class=\"style-862 style-local-1059-c1 position-relative\">\r\n  <!---->\r\n  <div data-colibri-component=\"section\" data-colibri-id=\"1059-c2\" id=\"content\" class=\"h-section h-section-global-spacing d-flex align-items-lg-center align-items-md-center align-items-center style-1151 style-local-1059-c2 position-relative\">\r\n    <!---->\r\n    <!---->\r\n    <div class=\"h-section-grid-container h-section-boxed-container\">\r\n      <div data-colibri-id=\"1059-c19\" class=\"h-row-container gutters-row-lg-2 gutters-row-md-2 gutters-row-2 gutters-row-v-lg-2 gutters-row-v-md-2 gutters-row-v-2 style-1163 style-local-1059-c19 position-relative\">\r\n        <!---->\r\n        <div class=\"h-row justify-content-lg-center justify-content-md-center justify-content-center align-items-lg-stretch align-items-md-stretch align-items-stretch gutters-col-lg-2 gutters-col-md-2 gutters-col-2 gutters-col-v-lg-2 gutters-col-v-md-2 gutters-col-v-2\">\r\n          <!---->\r\n          <div class=\"h-column h-column-container d-flex h-col-lg-auto h-col-md-auto h-col-auto style-1164-outer style-local-1059-c20-outer\">\r\n            <div data-colibri-id=\"1059-c20\" class=\"d-flex h-flex-basis h-column__inner h-px-lg-2 h-px-md-2 h-px-2 v-inner-lg-2 v-inner-md-2 v-inner-2 style-1164 style-local-1059-c20 position-relative\">\r\n              <!---->\r\n              <!---->\r\n              <div class=\"w-100 h-y-container h-column__content h-column__v-align flex-basis-100 align-self-lg-start align-self-md-start align-self-start\">\r\n                <!---->\r\n                <div data-colibri-id=\"1059-c21\" class=\"h-global-transition-all h-heading style-1165 style-local-1059-c21 position-relative h-element\">\r\n                  <!---->\r\n                  <div class=\"h-heading__outer style-1165 style-local-1059-c21\">\r\n                    <!---->\r\n                    <!---->\r\n                    <h3 class=\"\">Lagerlogistik<\/h3>\r\n                  <\/div>\r\n                <\/div>\r\n              <\/div>\r\n            <\/div>\r\n          <\/div>\r\n        <\/div>\r\n      <\/div>\r\n      <div data-colibri-id=\"1059-c3\" class=\"h-row-container gutters-row-lg-2 gutters-row-md-2 gutters-row-2 gutters-row-v-lg-2 gutters-row-v-md-2 gutters-row-v-2 style-1152 style-local-1059-c3 position-relative\">\r\n        <!---->\r\n        <div class=\"h-row justify-content-lg-center justify-content-md-center justify-content-center align-items-lg-stretch align-items-md-stretch align-items-stretch gutters-col-lg-2 gutters-col-md-2 gutters-col-2 gutters-col-v-lg-2 gutters-col-v-md-2 gutters-col-v-2\">\r\n          <!---->\r\n          <div class=\"h-column h-column-container d-flex h-col-lg-auto h-col-md-auto h-col-auto style-1153-outer style-local-1059-c4-outer\">\r\n            <div data-colibri-id=\"1059-c4\" class=\"d-flex h-flex-basis h-column__inner h-px-lg-0 h-px-md-0 h-px-0 v-inner-lg-0 v-inner-md-0 v-inner-0 style-1153 style-local-1059-c4 position-relative\">\r\n              <!---->\r\n              <!---->\r\n              <div class=\"w-100 h-y-container h-column__content h-column__v-align flex-basis-100 align-self-lg-start align-self-md-start align-self-start\">\r\n                <!---->\r\n                <div data-colibri-id=\"1059-c5\" class=\"h-row-container gutters-row-lg-2 gutters-row-md-2 gutters-row-2 gutters-row-v-lg-2 gutters-row-v-md-2 gutters-row-v-2 style-1154 style-local-1059-c5 position-relative\">\r\n                  <!---->\r\n                  <div class=\"h-row justify-content-lg-center justify-content-md-center justify-content-center align-items-lg-stretch align-items-md-stretch align-items-stretch gutters-col-lg-2 gutters-col-md-2 gutters-col-2 gutters-col-v-lg-2 gutters-col-v-md-2 gutters-col-v-2\">\r\n                    <!---->\r\n                    <div class=\"h-column h-column-container d-flex h-col-lg-auto h-col-md-auto h-col-auto style-1155-outer style-local-1059-c6-outer\">\r\n                      <div data-colibri-id=\"1059-c6\" class=\"d-flex h-flex-basis h-column__inner h-px-lg-0 h-px-md-0 h-px-0 v-inner-lg-0 v-inner-md-0 v-inner-0 style-1155 style-local-1059-c6 position-relative\">\r\n                        <!---->\r\n                        <!---->\r\n                        <div class=\"w-100 h-y-container h-column__content h-column__v-align flex-basis-100 align-self-lg-center align-self-md-center align-self-center\">\r\n                          <!---->\r\n                          <div data-colibri-id=\"1059-c7\" class=\"h-text h-text-component style-1157 style-local-1059-c7 position-relative h-element\">\r\n                            <!---->\r\n                            <!---->\r\n                            <div class=\"\">\r\n                              <p>Mit \u00fcber 10.000 qm Lagerfl\u00e4che bieten wir Ihnen die M\u00f6glichkeit Ihre Maschinen und G\u00fcter sicher bei uns einzulagern.<\/p>\r\n                              <p>Unsere Hallen sch\u00fctzen Ihr Gut vor allen Witterungsverh\u00e4ltnissen oder anderen Beeintr\u00e4chtigungen.<\/p>\r\n                            <\/div>\r\n                          <\/div>\r\n                        <\/div>\r\n                      <\/div>\r\n                    <\/div>\r\n                    <div class=\"h-column h-column-container d-flex h-col-lg-auto h-col-md-auto h-col-auto style-1158-outer style-local-1059-c8-outer\">\r\n                      <div data-colibri-id=\"1059-c8\" class=\"d-flex h-flex-basis h-column__inner h-ui-empty-state-container h-px-lg-0 h-px-md-0 h-px-0 v-inner-lg-0 v-inner-md-0 v-inner-0 style-1158 style-local-1059-c8 position-relative\">\r\n                        <!---->\r\n                        <!---->\r\n                        <div class=\"w-100 h-y-container h-column__content h-column__v-align flex-basis-100\">\r\n                          <!---->\r\n                        <\/div>\r\n                      <\/div>\r\n                    <\/div>\r\n                  <\/div>\r\n                <\/div>\r\n                <div data-colibri-id=\"1059-c9\" class=\"h-row-container gutters-row-lg-2 gutters-row-md-2 gutters-row-2 gutters-row-v-lg-2 gutters-row-v-md-2 gutters-row-v-2 style-1154 style-local-1059-c9 position-relative\">\r\n                  <!---->\r\n                  <div class=\"h-row justify-content-lg-center justify-content-md-center justify-content-center align-items-lg-stretch align-items-md-stretch align-items-stretch gutters-col-lg-2 gutters-col-md-2 gutters-col-2 gutters-col-v-lg-2 gutters-col-v-md-2 gutters-col-v-2\">\r\n                    <!---->\r\n                    <div class=\"h-column h-column-container d-flex h-col-lg-auto h-col-md-auto h-col-auto style-1159-outer style-local-1059-c10-outer\">\r\n                      <div data-colibri-id=\"1059-c10\" class=\"d-flex h-flex-basis h-column__inner h-ui-empty-state-container h-px-lg-0 h-px-md-0 h-px-0 v-inner-lg-0 v-inner-md-0 v-inner-0 style-1159 style-local-1059-c10 position-relative\">\r\n                        <!---->\r\n                        <!---->\r\n                        <div class=\"w-100 h-y-container h-column__content h-column__v-align flex-basis-100\">\r\n                          <!---->\r\n                        <\/div>\r\n                      <\/div>\r\n                    <\/div>\r\n                    <div class=\"h-column h-column-container d-flex h-col-lg-auto h-col-md-auto h-col-auto style-1155-outer style-local-1059-c11-outer\">\r\n                      <div data-colibri-id=\"1059-c11\" class=\"d-flex h-flex-basis h-column__inner h-px-lg-0 h-px-md-0 h-px-0 v-inner-lg-0 v-inner-md-0 v-inner-0 style-1155 style-local-1059-c11 position-relative\">\r\n                        <!---->\r\n                        <!---->\r\n                        <div class=\"w-100 h-y-container h-column__content h-column__v-align flex-basis-100 align-self-lg-center align-self-md-center align-self-center\">\r\n                          <!---->\r\n                          <div data-colibri-id=\"1059-c12\" class=\"h-text h-text-component style-1160 style-local-1059-c12 position-relative h-element\">\r\n                            <!---->\r\n                            <!---->\r\n                            <div class=\"\">\r\n                              <p>Zudem ist unser gesamtes Betriebsgel\u00e4nde mit einem Zutrittskontrollsystem, einer Alarmanlage sowie Video\u00fcberwachung ausgestattet, wodurch Ihr Gut bestens gesch\u00fctzt ist.<\/p>\r\n                              <p>Diverse Lagergr\u00f6\u00dfen bieten M\u00f6glichkeiten f\u00fcr schwere und leichte sowie kleine und gro\u00dfe G\u00fcter.<\/p>\r\n                            <\/div>\r\n                          <\/div>\r\n                        <\/div>\r\n                      <\/div>\r\n                    <\/div>\r\n                  <\/div>\r\n                <\/div>\r\n                <div data-colibri-id=\"1059-c13\" class=\"h-row-container gutters-row-lg-2 gutters-row-md-2 gutters-row-0 gutters-row-v-lg-2 gutters-row-v-md-2 gutters-row-v-2 style-1224 style-local-1059-c13 position-relative\">\r\n                  <!---->\r\n                  <div class=\"h-row justify-content-lg-center justify-content-md-center justify-content-center align-items-lg-stretch align-items-md-stretch align-items-stretch gutters-col-lg-2 gutters-col-md-2 gutters-col-0 gutters-col-v-lg-2 gutters-col-v-md-2 gutters-col-v-2\">\r\n                    <!---->\r\n                    <div class=\"h-column h-column-container d-flex h-col-lg-auto h-col-md-auto h-col-auto style-1225-outer style-local-1059-c14-outer\">\r\n                      <div data-colibri-id=\"1059-c14\" class=\"d-flex h-flex-basis h-column__inner h-px-lg-2 h-px-md-2 h-px-2 v-inner-lg-2 v-inner-md-2 v-inner-2 style-1225 style-local-1059-c14 position-relative\">\r\n                        <!---->\r\n                        <!---->\r\n                        <div class=\"w-100 h-y-container h-column__content h-column__v-align flex-basis-100 align-self-lg-start align-self-md-start align-self-start\">\r\n                          <!---->\r\n                          <div data-colibri-id=\"1059-c15\" class=\"style-1228 style-local-1059-c15 position-relative h-element\">\r\n                            <!---->\r\n                          <\/div>\r\n                          <div data-colibri-id=\"1059-c16\" class=\"style-1230 style-local-1059-c16 position-relative h-element\">\r\n                            <!---->\r\n                          <\/div>\r\n                          <div data-colibri-id=\"1059-c17\" class=\"h-text h-text-component style-1227 style-local-1059-c17 position-relative h-element\">\r\n                            <!---->\r\n                            <!---->\r\n                            <div class=\"\">\r\n                              <p>Hierbei ist es nicht relevant, ob Sie Ihr Gut nur kurzfristig zur \u00dcberbr\u00fcckung einlagern m\u00f6chten oder ob Sie auf der Suche nach einer langfristigen Lagerm\u00f6glichkeit sind.<\/p>\r\n                              <p>Im Zusammenspiel mit unserem Fuhrpark k\u00f6nnen wir Ihre Maschinen abholen, in unserem Lager zwischenlagern und wieder zum gew\u00fcnschten Termin zustellen &#8211; und Sie m\u00fcssen sich um nichts Weiteres k\u00fcmmern!<\/p>\r\n                            <\/div>\r\n                          <\/div>\r\n                        <\/div>\r\n                      <\/div>\r\n                    <\/div>\r\n                    <div class=\"h-column h-column-container d-flex h-col-lg-auto h-col-md-auto h-col-auto style-1229-outer style-local-1059-c18-outer\">\r\n                      <div data-colibri-id=\"1059-c18\" class=\"d-flex h-flex-basis h-column__inner h-ui-empty-state-container h-px-lg-0 h-px-md-0 h-px-0 v-inner-lg-0 v-inner-md-0 v-inner-0 style-1229 style-local-1059-c18 position-relative\">\r\n                        <!---->\r\n                        <!---->\r\n                        <div class=\"w-100 h-y-container h-column__content h-column__v-align flex-basis-100\">\r\n                          <!---->\r\n                        <\/div>\r\n                      <\/div>\r\n                    <\/div>\r\n                  <\/div>\r\n                <\/div>\r\n              <\/div>\r\n            <\/div>\r\n          <\/div>\r\n        <\/div>\r\n      <\/div>\r\n    <\/div>\r\n  <\/div>\r\n<\/div>","protected":false},"excerpt":{"rendered":"<p>Lagerlogistik Mit \u00fcber 10.000 qm Lagerfl\u00e4che bieten wir Ihnen die M\u00f6glichkeit Ihre Maschinen und G\u00fcter sicher bei uns einzulagern. Unsere Hallen sch\u00fctzen Ihr Gut vor allen Witterungsverh\u00e4ltnissen oder anderen Beeintr\u00e4chtigungen. Zudem ist unser gesamtes Betriebsgel\u00e4nde mit einem Zutrittskontrollsystem, einer Alarmanlage sowie Video\u00fcberwachung ausgestattet, wodurch Ihr Gut bestens gesch\u00fctzt ist. Diverse Lagergr\u00f6\u00dfen bieten M\u00f6glichkeiten f\u00fcr schwere [&hellip;]<\/p>\n","protected":false},"author":1,"featured_media":0,"parent":0,"menu_order":0,"comment_status":"closed","ping_status":"closed","template":"page-templates\/full-width-page.php","meta":{"cybocfi_hide_featured_image":"","footnotes":""},"class_list":["post-1059","page","type-page","status-publish","hentry"],"_links":{"self":[{"href":"https:\/\/www.volkgermany.de\/vlk\/wp-json\/wp\/v2\/pages\/1059","targetHints":{"allow":["GET"]}}],"collection":[{"href":"https:\/\/www.volkgermany.de\/vlk\/wp-json\/wp\/v2\/pages"}],"about":[{"href":"https:\/\/www.volkgermany.de\/vlk\/wp-json\/wp\/v2\/types\/page"}],"author":[{"embeddable":true,"href":"https:\/\/www.volkgermany.de\/vlk\/wp-json\/wp\/v2\/users\/1"}],"replies":[{"embeddable":true,"href":"https:\/\/www.volkgermany.de\/vlk\/wp-json\/wp\/v2\/comments?post=1059"}],"version-history":[{"count":16,"href":"https:\/\/www.volkgermany.de\/vlk\/wp-json\/wp\/v2\/pages\/1059\/revisions"}],"predecessor-version":[{"id":3584,"href":"https:\/\/www.volkgermany.de\/vlk\/wp-json\/wp\/v2\/pages\/1059\/revisions\/3584"}],"wp:attachment":[{"href":"https:\/\/www.volkgermany.de\/vlk\/wp-json\/wp\/v2\/media?parent=1059"}],"curies":[{"name":"wp","href":"https:\/\/api.w.org\/{rel}","templated":true}]}}